{"id":25095,"date":"2018-05-10T00:00:00","date_gmt":"2018-05-09T22:00:00","guid":{"rendered":"https:\/\/droonipood.ee\/toode\/kyosho-outlaw-rampage-110\/"},"modified":"2018-05-10T00:00:00","modified_gmt":"2018-05-09T22:00:00","slug":"kyosho-outlaw-rampage-110","status":"publish","type":"product","link":"https:\/\/droonipood.ee\/en\/toode\/kyosho-outlaw-rampage-110\/","title":{"rendered":"Kyosho Outlaw rampage 1:10"},"content":{"rendered":"<div class=\"wpbf-responsive-embed\"><iframe title=\"KYOSHO OUTLAW RAMPAGE dirt bash Ver1 1 HD\" width=\"1200\" height=\"675\" src=\"https:\/\/www.youtube.com\/embed\/hCZ_rbLNyRA?start=18&#038;feature=oembed\" frameborder=\"0\" allow=\"accelerometer; autoplay; clipboard-write; encrypted-media; gyroscope; picture-in-picture; web-share\" referrerpolicy=\"strict-origin-when-cross-origin\" allowfullscreen><\/iframe><\/div>\n<p>&nbsp;<\/p>\n<p><span style=\"color: #282828;\">Tehnilised andmed:<\/span><\/p>\n<ul>\n<li class=\"first\"><span style=\"color: #282828;\">Pikkus: 555mm<\/span><\/li>\n<li><span style=\"color: #282828;\">Laius: 262mm<\/span><\/li>\n<li><span style=\"color: #282828;\">K\u00f5rgus: 231mm<\/span><\/li>\n<li><span style=\"color: #282828;\">Teljevahe: 335mm<\/span><\/li>\n<li><span style=\"color: #282828;\">Turvis(F\/R): 204mm\/204mm<\/span><\/li>\n<li><span style=\"color: #282828;\">Rehvid(F &amp; R): f108\u00d738mm<\/span><\/li>\n<li><span style=\"color: #282828;\">\u00dclekandearv: 12.65:1<\/span><\/li>\n<li><span style=\"color: #282828;\">Mootor: 15 p\u00f6\u00f6ret 540 t\u00fc\u00fcp<\/span><\/li>\n<li class=\"last\"><span style=\"color: #282828;\">Kaal: 2000g<\/span><\/li>\n<\/ul>\n","protected":false},"excerpt":{"rendered":"<p>&nbsp; Tehnilised andmed: Pikkus: 555mm Laius: 262mm K\u00f5rgus: 231mm Teljevahe: 335mm Turvis(F\/R): 204mm\/204mm Rehvid(F &amp; R): f108\u00d738mm \u00dclekandearv: 12.65:1 Mootor: 15 p\u00f6\u00f6ret 540 t\u00fc\u00fcp Kaal: 2000g<\/p>\n","protected":false},"featured_media":7389,"template":"","meta":{"_acf_changed":false},"product_cat":[1099,1123,1261,1180],"product_tag":[],"class_list":{"0":"post-25095","1":"product","2":"type-product","3":"status-publish","4":"has-post-thumbnail","6":"product_cat-brands","7":"product_cat-kyosho-en","8":"product_cat-cars","9":"product_cat-hobby-products","10":"pa_varv-blue-en","11":"wpbf-post","14":"onbackorder","15":"taxable","16":"shipping-taxable","17":"purchasable","18":"product-type-simple"},"acf":[],"_links":{"self":[{"href":"https:\/\/droonipood.ee\/en\/wp-json\/wp\/v2\/product\/25095"}],"collection":[{"href":"https:\/\/droonipood.ee\/en\/wp-json\/wp\/v2\/product"}],"about":[{"href":"https:\/\/droonipood.ee\/en\/wp-json\/wp\/v2\/types\/product"}],"wp:featuredmedia":[{"embeddable":true,"href":"https:\/\/droonipood.ee\/en\/wp-json\/wp\/v2\/media\/7389"}],"wp:attachment":[{"href":"https:\/\/droonipood.ee\/en\/wp-json\/wp\/v2\/media?parent=25095"}],"wp:term":[{"taxonomy":"product_cat","embeddable":true,"href":"https:\/\/droonipood.ee\/en\/wp-json\/wp\/v2\/product_cat?post=25095"},{"taxonomy":"product_tag","embeddable":true,"href":"https:\/\/droonipood.ee\/en\/wp-json\/wp\/v2\/product_tag?post=25095"}],"curies":[{"name":"wp","href":"https:\/\/api.w.org\/{rel}","templated":true}]}}