{"id":25791,"date":"2020-09-16T14:09:38","date_gmt":"2020-09-16T12:09:38","guid":{"rendered":"https:\/\/droonipood.ee\/toode\/dji-osmo-mobile-4\/"},"modified":"2020-09-16T14:11:27","modified_gmt":"2020-09-16T12:11:27","slug":"dji-osmo-mobile-4","status":"publish","type":"product","link":"https:\/\/droonipood.ee\/en\/toode\/dji-osmo-mobile-4\/","title":{"rendered":"DJI Osmo Mobile 4"},"content":{"rendered":"<h2>Tunneta t\u00f5mmet<\/h2>\n<p id=\"tw-target-text\" class=\"tw-data-text tw-text-large XcVN5d tw-ta\" dir=\"ltr\" data-placeholder=\"T\u00f5lge\"><span lang=\"et\">Magnetiline telefoniklamber ja magnetiline r\u00f5ngashoidik v\u00f5imaldavad kiiret j\u00e4\u00e4dvustamist kohe kui inspiratsioon tuleb v\u00f5i tuju tekib. \u00dchendage nutitelefon ilma v\u00e4himagi vaevata DJI Osmo Mobile 4-ga, mis sobib suurep\u00e4raselt liikuvasse elustiili.\u00a0<\/span><\/p>\n<ul>\n<li><strong>Magnetiline telefoniklamber<\/strong>\u00a0\u2013 Magnetiline telefoni klamber on k\u00fcll uskumatult \u00f5huke ja \u00fclikerge, kuid hoiab siiski nutitelefoni kasutamise ajal kindlalt paigas.<\/li>\n<li><strong>Magnetilise r\u00f5ngashoidik<\/strong>\u00a0\u2013 Kasutage magnetilist r\u00f5ngashoidikut nutiseadme kinnitamiseks v\u00f5i hoopis tugijala kinnitamiseks.<\/li>\n<\/ul>\n<h2>Filmimine on tehtud lihtsaks<\/h2>\n<p id=\"tw-target-text\" class=\"tw-data-text tw-text-large XcVN5d tw-ta\" dir=\"ltr\" data-placeholder=\"T\u00f5lge\"><span lang=\"et\">Teie pilkup\u00fc\u00fcdvad videod p\u00fc\u00fcavad pilku t\u00e4nu DJI Osmo Mobile 4 loomingulistele funktsioonidele. Proovige n\u00e4iteks d\u00fcnaamilist suumi \u2013 funktsiooni, mis annab teie kaadritele lisailmekust.<\/span><\/p>\n<h3>ActiveTrack 3.0<\/h3>\n<p id=\"tw-target-text\" class=\"tw-data-text tw-text-large XcVN5d tw-ta\" dir=\"ltr\" data-placeholder=\"T\u00f5lge\"><span lang=\"et\">ActiveTrack 3.0 muudab objektide j\u00e4lituse imelihtsaks. 3.0 versioon tunneb nii t\u00e4iskasvanuid, lapsi kui ka lemmikloomi \u00e4ra veelgi suurema t\u00e4psusega ja juhtkangi abil on v\u00f5imalik veel oma pildi kompositsiooni peenh\u00e4\u00e4lestada.<\/span><\/p>\n<h3>Story re\u017eiim<\/h3>\n<p id=\"tw-target-text\" class=\"tw-data-text tw-text-large XcVN5d tw-ta\" dir=\"ltr\" data-placeholder=\"T\u00f5lge\"><span lang=\"et\">Ei ole veel p\u00e4ris kindel, kuidas filmida v\u00f5i monteerida? Proovige Story re\u017eiimi, kus saate luua \u00fche nupuvajutusega loomingulisi malle, et j\u00e4\u00e4dvustada p\u00f5nevaid kaadreid.<\/span><\/p>\n<p>&nbsp;<\/p>\n<table>\n<tbody>\n<tr>\n<td width=\"312\">Intelligentsed funktsioonid<\/td>\n<td rowspan=\"2\" width=\"241\">DJI OM 4 on varustatud ainulaadsete funktsioonidega, mis tagavad t\u00f5eliselt kaasahaarava sisu.<\/td>\n<\/tr>\n<tr>\n<td width=\"312\"><strong>Reimagine What is Possible\u00a0<\/strong><\/td>\n<\/tr>\n<\/tbody>\n<\/table>\n<p>&nbsp;<\/p>\n<ul>\n<li><span lang=\"et\"><strong>D\u00fcnaamiline suum<\/strong>\u00a0\u2013 proovige loomingulist suumi v\u00f5tet nimega \u201cHitchcocki efekti\u201d, mis annab teie klippidele Hollywoodi maitset minimaalse vaevaga. T\u00e4psed algoritmid teevad t\u00f6\u00f6 teie eest \u00e4ra nii, et teie peate vaid nupule vajutama ja k\u00f5ndima.<\/span><\/li>\n<li><strong>CloneMe Pano<\/strong>\u00a0\u2013\u00a0<span lang=\"et\">Olete soovinud kunagi olla korraga mitmes kohas? Siin on teie v\u00f5imalus. CloneMe funktsioon loob mitmest fotost \u00fche eepilise panoraami vahepeal j\u00e4\u00e4dvustamist peatades, et saaksite j\u00e4rgmise kaadri peale j\u00f5uda ja poseerida.<\/span><\/li>\n<li><strong>Liigutustega juhtimine<\/strong>\u00a0\u2013\u00a0<span lang=\"et\">\u00a0s\u00f5ltumata sellest, kas pildistate selfit v\u00f5i grupifotot, on k\u00e4ed-vabad viis teie abimees. OM 4 saab eemalt juhtida vaid \u017eestide abil. Pildistamine v\u00f5i video alustamine pole kunagi olnud nii mugav.<\/span><\/li>\n<\/ul>\n<p>&nbsp;<\/p>\n<table>\n<tbody>\n<tr>\n<td width=\"312\">\n<h3>Aeg Timelapse\u2019iks<\/h3>\n<\/td>\n<td rowspan=\"2\" width=\"241\">Kiirendage taevas libisevate kohevate valgete pilvede liikumist v\u00f5i kiirendage pikem meeldej\u00e4\u00e4v teekond m\u00f5nesekundiliseks klipiks. Avaldage oma s\u00f5pradele muljet p\u00f5nevate ja kompaktsete videotega.<\/td>\n<\/tr>\n<tr>\n<td width=\"312\"><strong>Make Every Second Count<\/strong><\/td>\n<\/tr>\n<\/tbody>\n<\/table>\n<ul>\n<li><strong>Timelapse<\/strong>\u00a0\u2013 pakkige n\u00e4iteks ilus p\u00e4ikeseloojang \u00fchte l\u00fchikesse videoklippi, mis sobib suurep\u00e4raselt jagamiseks.<\/li>\n<li><strong>Motionlapse<\/strong>\u00a0\u2013 lisage oma Timelapse\u2019ile elegantsi kerge kaamera liikumisega. Valige spetsifiilised positsioonid v\u00e4lja enne kaadri salvestamist.<\/li>\n<li><strong>Hyperlapse<\/strong>\u00a0\u2013 kondenseerige aeg ja liikumine n\u00e4iteks matkarajal liikudes lummavaks videoks.<\/li>\n<\/ul>\n<p>&nbsp;<\/p>\n<table>\n<tbody>\n<tr>\n<td width=\"312\">Loo v\u00f5imalusi<\/td>\n<td rowspan=\"2\" width=\"241\">Valige terve hulga loominguliste re\u017eiimide vahel, et oma kaadritele rohkem v\u00fcrtsi lisada.<\/td>\n<\/tr>\n<tr>\n<td width=\"312\"><strong>But Wait, There\u2019s More<\/strong><\/td>\n<\/tr>\n<\/tbody>\n<\/table>\n<ul>\n<li><strong>SpinShot Mode<\/strong>\u00a0\u2013 Muljetavaldava v\u00f5tteefekti saamiseks laske oma nutiseadmel p\u00f6\u00f6relda.<\/li>\n<li><strong>Slow Motion<\/strong>\u00a0\u2013 Viige asjad aegluupi, et tabada hetki, mis v\u00f5isid j\u00e4\u00e4da muidu m\u00e4rkamatuks. [3]<\/li>\n<li><strong>240\u00b0 Panoraam<\/strong>\u00a0\u2013 Kasutage \u017eeste v\u00f5i loendurit detailse panoraami j\u00e4\u00e4dvustamiseks.<\/li>\n<li><strong>3\u00d73 Panoraam<\/strong>\u00a0\u2013 \u00dcheksa fotot \u00f5mmeldakse automaatselt kokku \u00fclilainurkpildiks.<\/li>\n<\/ul>\n<h3>DJI Mimo App<\/h3>\n<p id=\"tw-target-text\" class=\"tw-data-text tw-text-large XcVN5d tw-ta\" dir=\"ltr\" data-placeholder=\"T\u00f5lge\"><span lang=\"et\">DJI Mimo rakenduses on olemas videot\u00f6\u00f6tlus, mis v\u00f5imaldab teil meistriteoseid koostada ka jooksu pealt. Sisseehitatud \u00f5petusvideod pakuvad juhiseid, et jagada teile soovitusi sisu loomiseks.<\/span><\/p>\n<h2>\u00c4rge leppige v\u00e4risevate kaadritega<\/h2>\n<p id=\"tw-target-text\" class=\"tw-data-text tw-text-large XcVN5d tw-ta\" dir=\"ltr\" data-placeholder=\"T\u00f5lge\"><span lang=\"et\">DJI Osmo Mobile 4 eesm\u00e4rk on pakkuda v\u00f5imalikult sujuvaid kaadreid koos lugematute v\u00f5imalustega.<\/span><\/p>\n<h3>Superstabiilsus<\/h3>\n<p id=\"tw-target-text\" class=\"tw-data-text tw-text-large XcVN5d tw-ta\" dir=\"ltr\" data-placeholder=\"T\u00f5lge\"><span lang=\"et\">\u00c4rge kunagi postitage enam v\u00e4risevat videot. Isegi kui nutiseadmele on lisatud v\u00e4line objektiiv, hoiab DJI Osmo Mobile 4 v\u00f5imas mootor teie nutitelefoniga salvestatud video sujuvana. [4]<\/span><\/p>\n<h3>Mugav \u00fchilduvus<\/h3>\n<p id=\"tw-target-text\" class=\"tw-data-text tw-text-large XcVN5d tw-ta\" dir=\"ltr\" data-placeholder=\"T\u00f5lge\"><span lang=\"et\">OM 4 \u00fchildub enamike nutitelefonidega ning juhib seel\u00e4bi kaamerate katikut. Samuti on toode spetsiaalselt optimeeritud teatud kaubam\u00e4rkide jaoks.<\/span><\/p>\n<table>\n<tbody>\n<tr>\n<td width=\"312\">T\u00f5hustatud kontroll<\/td>\n<td rowspan=\"2\" width=\"241\">\n<p id=\"tw-target-text\" class=\"tw-data-text tw-text-large XcVN5d tw-ta\" dir=\"ltr\" data-placeholder=\"T\u00f5lge\"><span lang=\"et\">DJI OM 4 lihtsustab iga olukorda, luues v\u00f5imalikult sujuva pildistamiselamuse.<\/span><\/p>\n<\/td>\n<\/tr>\n<tr>\n<td width=\"312\"><strong>Designed for Efficiency<\/strong><\/td>\n<\/tr>\n<\/tbody>\n<\/table>\n<ul>\n<li><strong>Flashlight Mode<\/strong>\u00a0\u2013 Uus lisatud andur aitab OM 4-l teie liigutusi \u00e4ra tunda ja automaatselt positsiooni reguleerida, muutes madala nurga alt tehtud kaadrid lihtsamaks kui kunagi varem.<\/li>\n<li><strong>Quick Rol<\/strong>l \u2013 V<span lang=\"et\">eelgi mugavamaks ja kiiremaks valimiseks vertikaalse ja horisontaalre\u017eiimi vahel vajutage kaks korda M nuppu.<\/span><\/li>\n<li><strong>Single-Handed Contro<\/strong>l \u2013 OM4 m<span lang=\"et\">ugav ja intuitiivne disain on loodud \u00fche k\u00e4ega hoidmiseks.<\/span><\/li>\n<li><strong>Standby Mode<\/strong>\u00a0\u2013 K<span lang=\"et\">as peate filmimise keskel k\u00f5nele vastama? Eemaldage lihtsalt nutiseade OM 4 k\u00fcljest ja gimbal l\u00fclitub \u00fcmber ootere\u017eiimi.<\/span><\/li>\n<\/ul>\n<ol>\n<li>T\u00e4psem info ja \u00f5petused manuaalis<\/li>\n<li>Kontrollige \u00fchilduvust nutiseadmetega DJI ametlikul kodulehel.<\/li>\n<li>Kuna nutiseadmete tootjad on erinevad, ei pruugi k\u00f5ik v\u00f5imalused olla igal Android-nutiseadmel saadaval.<\/li>\n<li>Kui kasutate nutiseadmega lisaobjektiive, on vajalik ka vasturaskuste kasutamine. Palume tutvuda ja uurida vastavate lisadega.<\/li>\n<\/ol>\n<p><iframe title=\"DJI - Introducing DJI OM 4\" src=\"https:\/\/www.youtube.com\/embed\/HX2fIy898mY?feature=oembed&amp;enablejsapi=1&amp;origin=https:\/\/droon.ee\" width=\"1020\" height=\"574\" frameborder=\"0\" allowfullscreen=\"allowfullscreen\" data-mce-fragment=\"1\"><\/iframe><\/p>\n","protected":false},"excerpt":{"rendered":"<div class=\"product-short-description\">\n<p>Elu erakordsed hetked on v\u00e4\u00e4rt sujuvat j\u00e4\u00e4dvustamist. DJI Osmo Mobile 4 on kokkuklapitav k\u00e4sigimbal nutiseadmetele, mis lubab teil k\u00e4igupealt filmimist alustada. Magnetiline, \u00fclikompaktne ja h\u00f5lpsasti kasutatav Osmo Mobile 4 on \u00fclim lahendus Teie maailma jagamiseks!<\/p>\n<ul>\n<li>Magnetiline disain<\/li>\n<li>Kaasaskantav ja kokkupandav<\/li>\n<li>Story re\u017eiim<\/li>\n<li>Gesture control<\/li>\n<li>ActiveTrack 3.0<\/li>\n<li>Quick roll<\/li>\n<\/ul>\n<\/div>\n","protected":false},"featured_media":25768,"template":"","meta":{"_acf_changed":false},"product_cat":[1532,1101],"product_tag":[],"class_list":{"0":"post-25791","1":"product","2":"type-product","3":"status-publish","4":"has-post-thumbnail","6":"product_cat-dji-osmo-mobile-4-en","7":"product_cat-dji-en","8":"wpbf-post","11":"outofstock","12":"taxable","13":"shipping-taxable","14":"purchasable","15":"product-type-simple"},"acf":[],"_links":{"self":[{"href":"https:\/\/droonipood.ee\/en\/wp-json\/wp\/v2\/product\/25791"}],"collection":[{"href":"https:\/\/droonipood.ee\/en\/wp-json\/wp\/v2\/product"}],"about":[{"href":"https:\/\/droonipood.ee\/en\/wp-json\/wp\/v2\/types\/product"}],"wp:featuredmedia":[{"embeddable":true,"href":"https:\/\/droonipood.ee\/en\/wp-json\/wp\/v2\/media\/25768"}],"wp:attachment":[{"href":"https:\/\/droonipood.ee\/en\/wp-json\/wp\/v2\/media?parent=25791"}],"wp:term":[{"taxonomy":"product_cat","embeddable":true,"href":"https:\/\/droonipood.ee\/en\/wp-json\/wp\/v2\/product_cat?post=25791"},{"taxonomy":"product_tag","embeddable":true,"href":"https:\/\/droonipood.ee\/en\/wp-json\/wp\/v2\/product_tag?post=25791"}],"curies":[{"name":"wp","href":"https:\/\/api.w.org\/{rel}","templated":true}]}}