{"id":24906,"date":"2018-04-10T00:00:00","date_gmt":"2018-04-10T00:00:00","guid":{"rendered":"https:\/\/droonipood.ee\/toode\/crystalsky7-85\/"},"modified":"2018-04-10T00:00:00","modified_gmt":"2018-04-10T00:00:00","slug":"crystalsky7-85","status":"publish","type":"product","link":"https:\/\/droonipood.ee\/lt\/toode\/crystalsky7-85\/","title":{"rendered":"CrystalSky\uff087.85&#8243;\uff09"},"content":{"rendered":"<p>Kokkusobivus:<\/p>\n<p>Mavic Pro<br \/>\nMavic Air<br \/>\nPhantom 4 seeriad<br \/>\nPhantom 3 Seeriad<br \/>\nInspire seeriad<br \/>\nOsmo<br \/>\nOsmo+<br \/>\nOsmo Pro<br \/>\nOsmo RAW<\/p>\n","protected":false},"excerpt":{"rendered":"<p>Loodud v\u00e4ljas aeropiltide tegemiseks, milleks on tal olemas v\u00e4ga ere ekraan, mis on v\u00e4ga h\u00e4sti n\u00e4htav p\u00e4ikese valguse k\u00e4es. Disainitud DJI GO rakenduse jaoks, andes kaamera operaatorile t\u00e4ieliku kontrolli.<\/p>\n","protected":false},"featured_media":24907,"template":"","meta":{"_acf_changed":false},"product_cat":[1476,1477,1478,1479,1480],"product_tag":[],"class_list":{"0":"post-24906","1":"product","2":"type-product","3":"status-publish","4":"has-post-thumbnail","6":"product_cat-brandid-lt","7":"product_cat-dji-lt","8":"product_cat-dji-crystalsky-ja-lisad-lt","9":"product_cat-fpv-prillid-ja-ekraanid-lt","10":"product_cat-lisatarvikud-lt","11":"pa_seeria-crystalsky-lt","12":"pa_seeria-matrice-200-lt","13":"pa_seeria-mavic-2-lt","14":"pa_seeria-mavic-2-enterprise-lt","15":"pa_tootja-dji-lt","16":"wpbf-post","19":"onbackorder","20":"featured","21":"taxable","22":"shipping-taxable","23":"purchasable","24":"product-type-simple"},"acf":[],"_links":{"self":[{"href":"https:\/\/droonipood.ee\/lt\/wp-json\/wp\/v2\/product\/24906"}],"collection":[{"href":"https:\/\/droonipood.ee\/lt\/wp-json\/wp\/v2\/product"}],"about":[{"href":"https:\/\/droonipood.ee\/lt\/wp-json\/wp\/v2\/types\/product"}],"wp:featuredmedia":[{"embeddable":true,"href":"https:\/\/droonipood.ee\/lt\/wp-json\/wp\/v2\/media\/24907"}],"wp:attachment":[{"href":"https:\/\/droonipood.ee\/lt\/wp-json\/wp\/v2\/media?parent=24906"}],"wp:term":[{"taxonomy":"product_cat","embeddable":true,"href":"https:\/\/droonipood.ee\/lt\/wp-json\/wp\/v2\/product_cat?post=24906"},{"taxonomy":"product_tag","embeddable":true,"href":"https:\/\/droonipood.ee\/lt\/wp-json\/wp\/v2\/product_tag?post=24906"}],"curies":[{"name":"wp","href":"https:\/\/api.w.org\/{rel}","templated":true}]}}